{"id":260,"date":"2017-07-05T11:58:04","date_gmt":"2017-07-05T09:58:04","guid":{"rendered":"http:\/\/temp.studiowizjo.pl\/inweave.pl\/about\/"},"modified":"2020-07-16T17:29:56","modified_gmt":"2020-07-16T15:29:56","slug":"o-nas","status":"publish","type":"page","link":"https:\/\/in-weave.com\/pl\/o-nas\/","title":{"rendered":"O mnie"},"content":{"rendered":"<p>Co takiego jest w tkaniu?<br \/>\nWyostrza zmys\u0142y, pobudza wra\u017cliwo\u015b\u0107<br \/>\nna kolor i\u00a0dotyk, uczy dyscypliny,<br \/>\nwymaga koncentracji, a\u00a0tak\u017ce<br \/>\nrozwija tw\u00f3rcze podej\u015bcie<br \/>\ndo rozwi\u0105zywania problem\u00f3w.<\/p>\n<p>Fascynuje mnie z\u0142o\u017cono\u015b\u0107 procesu,<br \/>\njakim jest tkanie na krosnach nicielnicowych,<br \/>\nmedytacyjna powtarzalno\u015b\u0107 ruch\u00f3w,<br \/>\na przede wszystkim praktycznie<br \/>\nnieograniczone mo\u017cliwo\u015bci projektowania<br \/>\nwzor\u00f3w i\u00a0tworzenia tkanin.<br \/>\nGodziny pracy z r\u00f3\u017cnymi w\u0142\u00f3knami,<br \/>\nich faktur\u0105, kolorem, splotem,<br \/>\nkilometry prz\u0119dzy, kt\u00f3re przechodz\u0105<br \/>\nprzez palce tkacza wiele razy,<br \/>\nskutkuj\u0105 powstaniem tkaniny \u2013<br \/>\njest w tym co\u015b magicznego.<\/p>\n<p>Uwielbiam moment, kiedy pojawia si\u0119 wz\u00f3r.<br \/>\nCzasami mo\u017cna go zobaczy\u0107 od razu<br \/>\nw trakcie pracy, kiedy tkanina jest<br \/>\nrozpi\u0119ta na krosnach, czasem<br \/>\nwz\u00f3r jest widoczny w pe\u0142nej krasie<br \/>\ndopiero po wypraniu i wyprasowaniu materia\u0142u.<\/p>\n<p>U\u015bmiecham si\u0119 na my\u015bl o tym,<br \/>\n\u017ce inni ludzie nosz\u0105, b\u0105d\u017a u\u017cywaj\u0105 rzeczy<br \/>\nz utkanych przeze mnie materia\u0142\u00f3w,<br \/>\nBea<\/p>\n","protected":false},"excerpt":{"rendered":"<p>Co takiego jest w tkaniu? Wyostrza zmys\u0142y, pobudza wra\u017cliwo\u015b\u0107 na kolor i\u00a0dotyk, uczy dyscypliny, wymaga koncentracji, a\u00a0tak\u017ce rozwija tw\u00f3rcze podej\u015bcie do rozwi\u0105zywania problem\u00f3w. Fascynuje mnie z\u0142o\u017cono\u015b\u0107 procesu, jakim jest tkanie na krosnach nicielnicowych, medytacyjna powtarzalno\u015b\u0107 ruch\u00f3w, a przede wszystkim praktycznie nieograniczone mo\u017cliwo\u015bci projektowania wzor\u00f3w i\u00a0tworzenia tkanin. Godziny pracy z r\u00f3\u017cnymi w\u0142\u00f3knami, ich faktur\u0105, kolorem, splotem, [&hellip;]<\/p>\n","protected":false},"author":1,"featured_media":841,"parent":0,"menu_order":3,"comment_status":"closed","ping_status":"closed","template":"","meta":{"_acf_changed":false,"footnotes":""},"class_list":["post-260","page","type-page","status-publish","has-post-thumbnail","hentry"],"acf":[],"yoast_head":"<!-- This site is optimized with the Yoast SEO plugin v27.6 - https:\/\/yoast.com\/product\/yoast-seo-wordpress\/ -->\n<title>O mnie - InWeave<\/title>\n<meta name=\"robots\" content=\"index, follow, max-snippet:-1, max-image-preview:large, max-video-preview:-1\" \/>\n<link rel=\"canonical\" href=\"https:\/\/in-weave.com\/pl\/o-nas\/\" \/>\n<meta property=\"og:locale\" content=\"pl_PL\" \/>\n<meta property=\"og:type\" content=\"article\" \/>\n<meta property=\"og:title\" content=\"O mnie - InWeave\" \/>\n<meta property=\"og:description\" content=\"Co takiego jest w tkaniu? Wyostrza zmys\u0142y, pobudza wra\u017cliwo\u015b\u0107 na kolor i\u00a0dotyk, uczy dyscypliny, wymaga koncentracji, a\u00a0tak\u017ce rozwija tw\u00f3rcze podej\u015bcie do rozwi\u0105zywania problem\u00f3w. Fascynuje mnie z\u0142o\u017cono\u015b\u0107 procesu, jakim jest tkanie na krosnach nicielnicowych, medytacyjna powtarzalno\u015b\u0107 ruch\u00f3w, a przede wszystkim praktycznie nieograniczone mo\u017cliwo\u015bci projektowania wzor\u00f3w i\u00a0tworzenia tkanin. Godziny pracy z r\u00f3\u017cnymi w\u0142\u00f3knami, ich faktur\u0105, kolorem, splotem, [&hellip;]\" \/>\n<meta property=\"og:url\" content=\"https:\/\/in-weave.com\/pl\/o-nas\/\" \/>\n<meta property=\"og:site_name\" content=\"InWeave\" \/>\n<meta property=\"article:modified_time\" content=\"2020-07-16T15:29:56+00:00\" \/>\n<meta property=\"og:image\" content=\"https:\/\/in-weave.com\/wp-content\/uploads\/2020\/07\/dscf3293-3.jpg\" \/>\n\t<meta property=\"og:image:width\" content=\"3762\" \/>\n\t<meta property=\"og:image:height\" content=\"3818\" \/>\n\t<meta property=\"og:image:type\" content=\"image\/jpeg\" \/>\n<meta name=\"twitter:card\" content=\"summary_large_image\" \/>\n<meta name=\"twitter:label1\" content=\"Szacowany czas czytania\" \/>\n\t<meta name=\"twitter:data1\" content=\"1 minuta\" \/>\n<script type=\"application\/ld+json\" class=\"yoast-schema-graph\">{\"@context\":\"https:\\\/\\\/schema.org\",\"@graph\":[{\"@type\":\"WebPage\",\"@id\":\"https:\\\/\\\/in-weave.com\\\/pl\\\/o-nas\\\/\",\"url\":\"https:\\\/\\\/in-weave.com\\\/pl\\\/o-nas\\\/\",\"name\":\"O mnie - InWeave\",\"isPartOf\":{\"@id\":\"https:\\\/\\\/in-weave.com\\\/#website\"},\"primaryImageOfPage\":{\"@id\":\"https:\\\/\\\/in-weave.com\\\/pl\\\/o-nas\\\/#primaryimage\"},\"image\":{\"@id\":\"https:\\\/\\\/in-weave.com\\\/pl\\\/o-nas\\\/#primaryimage\"},\"thumbnailUrl\":\"https:\\\/\\\/in-weave.com\\\/wp-content\\\/uploads\\\/2020\\\/07\\\/dscf3293-3.jpg\",\"datePublished\":\"2017-07-05T09:58:04+00:00\",\"dateModified\":\"2020-07-16T15:29:56+00:00\",\"breadcrumb\":{\"@id\":\"https:\\\/\\\/in-weave.com\\\/pl\\\/o-nas\\\/#breadcrumb\"},\"inLanguage\":\"pl-PL\",\"potentialAction\":[{\"@type\":\"ReadAction\",\"target\":[\"https:\\\/\\\/in-weave.com\\\/pl\\\/o-nas\\\/\"]}]},{\"@type\":\"ImageObject\",\"inLanguage\":\"pl-PL\",\"@id\":\"https:\\\/\\\/in-weave.com\\\/pl\\\/o-nas\\\/#primaryimage\",\"url\":\"https:\\\/\\\/in-weave.com\\\/wp-content\\\/uploads\\\/2020\\\/07\\\/dscf3293-3.jpg\",\"contentUrl\":\"https:\\\/\\\/in-weave.com\\\/wp-content\\\/uploads\\\/2020\\\/07\\\/dscf3293-3.jpg\",\"width\":3762,\"height\":3818},{\"@type\":\"BreadcrumbList\",\"@id\":\"https:\\\/\\\/in-weave.com\\\/pl\\\/o-nas\\\/#breadcrumb\",\"itemListElement\":[{\"@type\":\"ListItem\",\"position\":1,\"name\":\"Strona g\u0142\u00f3wna\",\"item\":\"https:\\\/\\\/in-weave.com\\\/pl\\\/\"},{\"@type\":\"ListItem\",\"position\":2,\"name\":\"O mnie\"}]},{\"@type\":\"WebSite\",\"@id\":\"https:\\\/\\\/in-weave.com\\\/#website\",\"url\":\"https:\\\/\\\/in-weave.com\\\/\",\"name\":\"InWeave\",\"description\":\"bespoke hand-woven cloth for use in fashion and design\",\"potentialAction\":[{\"@type\":\"SearchAction\",\"target\":{\"@type\":\"EntryPoint\",\"urlTemplate\":\"https:\\\/\\\/in-weave.com\\\/?s={search_term_string}\"},\"query-input\":{\"@type\":\"PropertyValueSpecification\",\"valueRequired\":true,\"valueName\":\"search_term_string\"}}],\"inLanguage\":\"pl-PL\"}]}<\/script>\n<!-- \/ Yoast SEO plugin. -->","yoast_head_json":{"title":"O mnie - InWeave","robots":{"index":"index","follow":"follow","max-snippet":"max-snippet:-1","max-image-preview":"max-image-preview:large","max-video-preview":"max-video-preview:-1"},"canonical":"https:\/\/in-weave.com\/pl\/o-nas\/","og_locale":"pl_PL","og_type":"article","og_title":"O mnie - InWeave","og_description":"Co takiego jest w tkaniu? Wyostrza zmys\u0142y, pobudza wra\u017cliwo\u015b\u0107 na kolor i\u00a0dotyk, uczy dyscypliny, wymaga koncentracji, a\u00a0tak\u017ce rozwija tw\u00f3rcze podej\u015bcie do rozwi\u0105zywania problem\u00f3w. Fascynuje mnie z\u0142o\u017cono\u015b\u0107 procesu, jakim jest tkanie na krosnach nicielnicowych, medytacyjna powtarzalno\u015b\u0107 ruch\u00f3w, a przede wszystkim praktycznie nieograniczone mo\u017cliwo\u015bci projektowania wzor\u00f3w i\u00a0tworzenia tkanin. Godziny pracy z r\u00f3\u017cnymi w\u0142\u00f3knami, ich faktur\u0105, kolorem, splotem, [&hellip;]","og_url":"https:\/\/in-weave.com\/pl\/o-nas\/","og_site_name":"InWeave","article_modified_time":"2020-07-16T15:29:56+00:00","og_image":[{"width":3762,"height":3818,"url":"https:\/\/in-weave.com\/wp-content\/uploads\/2020\/07\/dscf3293-3.jpg","type":"image\/jpeg"}],"twitter_card":"summary_large_image","twitter_misc":{"Szacowany czas czytania":"1 minuta"},"schema":{"@context":"https:\/\/schema.org","@graph":[{"@type":"WebPage","@id":"https:\/\/in-weave.com\/pl\/o-nas\/","url":"https:\/\/in-weave.com\/pl\/o-nas\/","name":"O mnie - InWeave","isPartOf":{"@id":"https:\/\/in-weave.com\/#website"},"primaryImageOfPage":{"@id":"https:\/\/in-weave.com\/pl\/o-nas\/#primaryimage"},"image":{"@id":"https:\/\/in-weave.com\/pl\/o-nas\/#primaryimage"},"thumbnailUrl":"https:\/\/in-weave.com\/wp-content\/uploads\/2020\/07\/dscf3293-3.jpg","datePublished":"2017-07-05T09:58:04+00:00","dateModified":"2020-07-16T15:29:56+00:00","breadcrumb":{"@id":"https:\/\/in-weave.com\/pl\/o-nas\/#breadcrumb"},"inLanguage":"pl-PL","potentialAction":[{"@type":"ReadAction","target":["https:\/\/in-weave.com\/pl\/o-nas\/"]}]},{"@type":"ImageObject","inLanguage":"pl-PL","@id":"https:\/\/in-weave.com\/pl\/o-nas\/#primaryimage","url":"https:\/\/in-weave.com\/wp-content\/uploads\/2020\/07\/dscf3293-3.jpg","contentUrl":"https:\/\/in-weave.com\/wp-content\/uploads\/2020\/07\/dscf3293-3.jpg","width":3762,"height":3818},{"@type":"BreadcrumbList","@id":"https:\/\/in-weave.com\/pl\/o-nas\/#breadcrumb","itemListElement":[{"@type":"ListItem","position":1,"name":"Strona g\u0142\u00f3wna","item":"https:\/\/in-weave.com\/pl\/"},{"@type":"ListItem","position":2,"name":"O mnie"}]},{"@type":"WebSite","@id":"https:\/\/in-weave.com\/#website","url":"https:\/\/in-weave.com\/","name":"InWeave","description":"bespoke hand-woven cloth for use in fashion and design","potentialAction":[{"@type":"SearchAction","target":{"@type":"EntryPoint","urlTemplate":"https:\/\/in-weave.com\/?s={search_term_string}"},"query-input":{"@type":"PropertyValueSpecification","valueRequired":true,"valueName":"search_term_string"}}],"inLanguage":"pl-PL"}]}},"_links":{"self":[{"href":"https:\/\/in-weave.com\/pl\/wp-json\/wp\/v2\/pages\/260","targetHints":{"allow":["GET"]}}],"collection":[{"href":"https:\/\/in-weave.com\/pl\/wp-json\/wp\/v2\/pages"}],"about":[{"href":"https:\/\/in-weave.com\/pl\/wp-json\/wp\/v2\/types\/page"}],"author":[{"embeddable":true,"href":"https:\/\/in-weave.com\/pl\/wp-json\/wp\/v2\/users\/1"}],"replies":[{"embeddable":true,"href":"https:\/\/in-weave.com\/pl\/wp-json\/wp\/v2\/comments?post=260"}],"version-history":[{"count":9,"href":"https:\/\/in-weave.com\/pl\/wp-json\/wp\/v2\/pages\/260\/revisions"}],"predecessor-version":[{"id":842,"href":"https:\/\/in-weave.com\/pl\/wp-json\/wp\/v2\/pages\/260\/revisions\/842"}],"wp:featuredmedia":[{"embeddable":true,"href":"https:\/\/in-weave.com\/pl\/wp-json\/wp\/v2\/media\/841"}],"wp:attachment":[{"href":"https:\/\/in-weave.com\/pl\/wp-json\/wp\/v2\/media?parent=260"}],"curies":[{"name":"wp","href":"https:\/\/api.w.org\/{rel}","templated":true}]}}